{"id":3,"date":"2025-07-14T08:31:00","date_gmt":"2025-07-14T08:31:00","guid":{"rendered":"https:\/\/sd.krempin.red\/?page_id=3"},"modified":"2025-07-14T13:28:59","modified_gmt":"2025-07-14T13:28:59","slug":"datenschutzerklaerung-staufen-direkt","status":"publish","type":"page","link":"https:\/\/sd.krempin.red\/index.php\/datenschutzerklaerung-staufen-direkt\/","title":{"rendered":"Datenschutzerkl\u00e4rung"},"content":{"rendered":"\n<h2 class=\"wp-block-heading\">staufendirekt.de | Staufen Direktwerbung GmbH<\/h2>\n\n\n\n<p>Wir freuen uns, dass Sie unsere Website besuchen. Der Schutz und die Sicherheit Ihrer pers\u00f6nlichen Informationen bei der Nutzung unserer Website ist f\u00fcr uns sehr wichtig. Wir m\u00f6chten Sie daher an dieser Stelle dar\u00fcber informieren, welche Ihrer personenbezogenen Daten wir beim Besuch unserer Website erfassen und f\u00fcr welche Zwecke diese verwendet werden.<\/p>\n\n\n\n<p>Diese Datenschutzerkl\u00e4rung gilt f\u00fcr das Internetangebot der Staufen Direktwerbung GmbH, welches unter der Domain staufendirekt.de sowie den verschiedenen Subdomains (\u201eunsere Website\u201c) erreichbar ist.<\/p>\n\n\n\n<h2 class=\"wp-block-heading\"><strong>Verantwortlich<\/strong>keit<\/h2>\n\n\n\n<p>f\u00fcr die Verarbeitung personenbezogener Daten im Sinne der EU-Datenschutz-Grundverordnung (DSGVO)<\/p>\n\n\n\n<p>Staufen Direktwerbung GmbH<br>Siemensstra\u00dfe 11<br>73117 Wangen<br>DE<\/p>\n\n\n\n<p>info@staufendirekt.de<\/p>\n\n\n\n<h2 class=\"wp-block-heading\"><strong>Datenschutzbeauftragte<\/strong>r<\/h2>\n\n\n\n<p>Datenschutzberatung Janthur GmbH<br>K\u00fcferstra\u00dfe 8<br>73728 Esslingen<br>DE<br>Dirk Janthur<br>dirk.janthur@janthur.net<\/p>\n\n\n\n<h2 class=\"wp-block-heading\"><strong>Worum geht es?<\/strong><\/h2>\n\n\n\n<p>Diese Datenschutzerkl\u00e4rung erf\u00fcllt die gesetzlichen Anforderungen an die Transparenz bei der Verarbeitung personenbezogener Daten. Dies sind alle Informationen, die sich auf eine identifizierte oder identifizierbare nat\u00fcrliche Person beziehen. Hierzu geh\u00f6ren beispielsweise Informationen wie Ihr Name, Ihr Alter, Ihre Anschrift, Ihre Telefonnummer, Ihr Geburtsdatum, Ihre E-Mail-Adresse, Ihre IP-Adresse oder das Nutzerverhalten beim Besuch einer Website. Informationen, bei denen wir keinen (oder nur mit einem unverh\u00e4ltnism\u00e4\u00dfigen Aufwand) Bezug zu Ihrer Person herstellen k\u00f6nnen, z.B. durch Anonymisierung, sind keine personenbezogenen Daten. Die Verarbeitung von personenbezogenen Daten (bspw. das Erheben, das Abfragen, die Verwendung, die Speicherung oder die \u00dcbermittlung) bedarf immer einer gesetzlichen Grundlage und eines definierten Zwecks.<\/p>\n\n\n\n<p>Gespeicherte personenbezogene Daten werden gel\u00f6scht, sobald der Zweck der Verarbeitung erreicht wurde und es keine rechtm\u00e4\u00dfigen Gr\u00fcnde f\u00fcr eine weitere Aufbewahrung der Daten gibt. Wir informieren Sie in den einzelnen Verarbeitungsvorg\u00e4ngen \u00fcber die konkreten Speicherfristen bzw. Kriterien f\u00fcr die Speicherung. Unabh\u00e4ngig davon, speichern wir Ihre personenbezogenen in Einzelf\u00e4llen zur Geltendmachung, Aus\u00fcbung oder Verteidigung von Rechtsanspr\u00fcchen und bei Vorliegen gesetzlicher Aufbewahrungspflichten.<\/p>\n\n\n\n<h2 class=\"wp-block-heading\"><strong>Wer bekommt meine Daten?<\/strong><\/h2>\n\n\n\n<p>Wir geben Ihre personenbezogenen Daten, die wir auf unserer Website verarbeiten nur dann an Dritte weiter, wenn dies f\u00fcr die Erf\u00fcllung der Zwecke erforderlich ist und im Einzelfall von der Rechtsgrundlage (z.B. Einwilligung oder Wahrung berechtigter Interessen) erfasst ist. Dar\u00fcber hinaus geben wir im Einzelfall personenbezogene Daten an Dritte weiter, wenn dies der Geltendmachung, Aus\u00fcbung oder Verteidigung von Rechtsanspr\u00fcchen dient. M\u00f6gliche Empf\u00e4nger k\u00f6nnen dann z.B. Strafverfolgungsbeh\u00f6rden, Rechtsanw\u00e4lte, Wirtschaftspr\u00fcfer, Gerichte usw. sein.<\/p>\n\n\n\n<p>Soweit wir f\u00fcr den Betrieb unserer Website Dienstleister einsetzen, die im Rahmen einer Auftragsverarbeitung in unserem Auftrag personenbezogene Daten gem. Art. 28 DSGVO verarbeiten, k\u00f6nnen diese Empf\u00e4nger Ihrer personenbezogenen Daten sein. N\u00e4here Informationen zum Einsatz von Auftragsverarbeitern sowie von Webdiensten erhalten Sie in der \u00dcbersicht der einzelnen Verarbeitungsvorg\u00e4nge.<\/p>\n\n\n\n<h2 class=\"wp-block-heading\"><strong>Setzen Sie Cookies ein?<\/strong><\/h2>\n\n\n\n<p>Cookies sind kleine Textdateien, die im Rahmen Ihres Besuchs unserer Internetseiten von uns an den Browser Ihres Endger\u00e4ts gesendet und dort gespeichert werden. Alternativ zum Einsatz von Cookies k\u00f6nnen Informationen auch im lokalen Speicher (local storage) Ihres Browsers gespeichert werden. Einige Funktionen unserer Internetseite k\u00f6nnen ohne den Einsatz von Cookies bzw. local storage nicht angeboten werden (technisch notwendige Cookies). Andere Cookies erm\u00f6glichen uns hingegen verschiedene Analysen, sodass wir beispielsweise in der Lage sind, den von Ihnen verwendeten Browser bei einem erneuten Besuch unserer Webseite wiederzuerkennen und verschiedene Informationen an uns zu \u00fcbermitteln (nicht notwendige Cookies). Mithilfe von Cookies k\u00f6nnen wir unter anderem unser Internetangebot f\u00fcr Sie nutzerfreundlicher und effektiver gestalten, indem wir etwa Ihre Nutzung unserer Website nachvollziehen und Ihre bevorzugten Einstellungen (bspw. L\u00e4nder- und Spracheneinstellungen) feststellen. Sofern Dritte \u00fcber Cookies Informationen verarbeiten, erheben diese die Informationen direkt \u00fcber Ihren Browser. Cookies richten auf Ihrem Endger\u00e4t keinen Schaden an. Sie k\u00f6nnen keine Programme ausf\u00fchren und keine Viren enthalten.<\/p>\n\n\n\n<p>\u00dcber die jeweiligen Dienste, f\u00fcr die wir Cookies einsetzen, informieren wir in den einzelnen Verarbeitungsvorg\u00e4ngen. Ausf\u00fchrliche Informationen zu den eingesetzten Cookies finden Sie in den Cookie-Einstellungen oder im Consent Manager dieser Website.<\/p>\n\n\n\n<figure class=\"wp-block-table\"><table class=\"has-fixed-layout\"><tbody><tr><td>Domain<\/td><td>Name<\/td><td>Beschreibung<\/td><td>Speicherdauer<\/td><\/tr><\/tbody><\/table><\/figure>\n\n\n\n<h2 class=\"wp-block-heading\"><strong>Welche Rechte habe ich?<\/strong><\/h2>\n\n\n\n<p>Unter den Voraussetzungen der gesetzlichen Vorschriften der Datenschutz-Grundverordnung (DSGVO) haben Sie als betroffene Person folgende Rechte:<\/p>\n\n\n\n<p><strong>Beschwerde<\/strong>\u00a0gem. Art. 77 DSGVO bei einer Aufsichtsbeh\u00f6rde, wenn Sie der Ansicht sind, die Verarbeitung Ihrer personenbezogenen Daten verst\u00f6\u00dft gegen die DSGVO. In der Regel k\u00f6nnen Sie sich an die Aufsichtsbeh\u00f6rde Ihres \u00fcblichen Aufenthaltsortes, Ihres Arbeitsplatzes oder unseres Unternehmenssitzes wenden.<\/p>\n\n\n\n<p><strong>Auskunft<\/strong>\u00a0gem. Art. 15 DSGVO \u00fcber die zu Ihrer Person gespeicherten Daten in Form von aussagekr\u00e4ftigen Informationen zu den Einzelheiten der Verarbeitung sowie eine Kopie Ihrer Daten;<\/p>\n\n\n\n<p><strong>Berichtigung<\/strong>\u00a0gem. Art. 16 DSGVO von unrichtigen oder unvollst\u00e4ndigen Daten, die bei uns gespeichert sind;<\/p>\n\n\n\n<p><strong>L<\/strong><strong>\u00f6schung<\/strong>\u00a0gem. Art. 17 DSGVO der bei uns gespeicherten Daten, soweit die Verarbeitung nicht zur Aus\u00fcbung des Rechts auf freie Meinungs\u00e4u\u00dferung und Information, zur Erf\u00fcllung einer rechtlichen Verpflichtung, aus Gr\u00fcnden des \u00f6ffentlichen Interesses oder zur Geltendmachung, Aus\u00fcbung oder Verteidigung von Rechtsanspr\u00fcchen erforderlich ist;<\/p>\n\n\n\n<p><strong>Einschr<\/strong><strong>\u00e4nkung<\/strong>\u00a0der Verarbeitung gem. Art. 18 DSGVO, soweit die Richtigkeit der Daten bestritten wird, die Verarbeitung unrechtm\u00e4\u00dfig ist, wir die Daten nicht mehr ben\u00f6tigen und Sie deren L\u00f6schung ablehnen, weil Sie diese zur Geltendmachung, Aus\u00fcbung oder Verteidigung von Rechtsanspr\u00fcchen ben\u00f6tigen oder Sie Widerspruch gegen die Verarbeitung gem. Art. 21 DSGVO erhoben haben.<\/p>\n\n\n\n<p><strong>Daten<\/strong><strong>\u00fcbertragbarkeit<\/strong>\u00a0gem. Art. 20 DSGVO, soweit Sie uns personenbezogene Daten im Rahmen einer Einwilligung gem. Art. 6 Abs. 1 lit. a DSGVO oder auf Grundlage eines Vertrages gem. Art. 6 Abs. 1 lit. b DSGVO bereitgestellt haben und diese durch uns mithilfe automatisierter Verfahren verarbeitet wurden. Sie erhalten Ihre Daten in einem strukturierten, g\u00e4ngigen und maschinenlesbaren Format bzw. wir \u00fcbermitteln die Daten direkt an einen anderen Verantwortlichen, soweit dies technisch machbar ist.<\/p>\n\n\n\n<p><strong>Widerspruch<\/strong>\u00a0gem. Art. 21 DSGVO gegen die Verarbeitung Ihrer personenbezogenen Daten, soweit diese auf Grundlage des Art. 6 Abs. 1 lit. e, f DSGVO erfolgt und daf\u00fcr Gr\u00fcnde vorliegen, die sich aus Ihrer besonderen Situation ergeben oder sich der Widerspruch gegen Direktwerbung richtet. Das Recht auf Widerspruch besteht nicht, wenn \u00fcberwiegende, zwingende schutzw\u00fcrdige Gr\u00fcnde f\u00fcr die Verarbeitung nachgewiesen werden oder die Verarbeitung zur Geltendmachung, Aus\u00fcbung oder Verteidigung von Rechtsanspr\u00fcchen erfolgt. Soweit das Recht auf Widerspruch bei einzelnen Verarbeitungsvorg\u00e4ngen nicht besteht, ist dies dort angegeben.<\/p>\n\n\n\n<p><strong>Widerruf<\/strong>\u00a0gem. Art. 7 Abs. 3 DSGVO Ihrer erteilten Einwilligung mit Wirkung f\u00fcr die Zukunft.<\/p>\n\n\n\n<h2 class=\"wp-block-heading\"><strong>Wie werden meine Daten im Einzelnen verarbeitet?<\/strong><\/h2>\n\n\n\n<p>Nachfolgend informieren wir Sie \u00fcber die einzelnen Verarbeitungsvorg\u00e4nge, den Umfang und den Zweck der Datenverarbeitung, die Rechtsgrundlage, die Pflicht zur Bereitstellung Ihrer Daten und die jeweilige Speicherdauer. Eine automatisierte Entscheidung im Einzelfall, einschlie\u00dflich Profiling findet nicht statt.<\/p>\n\n\n\n<h2 class=\"wp-block-heading\"><strong>Bereitstellung der Website<\/strong><\/h2>\n\n\n\n<p><strong>Art und Umfang der Verarbeitung<\/strong><\/p>\n\n\n\n<p>Bei Aufruf und Nutzung unserer Website erheben wir die personenbezogenen Daten, die Ihr Browser automatisch an unseren Server \u00fcbermittelt. Die folgenden Informationen werden tempor\u00e4r in einem sog. Logfile gespeichert:<\/p>\n\n\n\n<ul class=\"wp-block-list\">\n<li>IP-Adresse des anfragenden Rechners<\/li>\n\n\n\n<li>Datum und Uhrzeit des Zugriffs<\/li>\n\n\n\n<li>Name und URL der abgerufenen Datei<\/li>\n\n\n\n<li>Website, von der aus der Zugriff erfolgt (Referrer-URL)<\/li>\n\n\n\n<li>Verwendeter Browser und ggf. das Betriebssystem Ihres Rechners, sowie der Name Ihres Access-Providers<\/li>\n<\/ul>\n\n\n\n<p>Unsere Website wird nicht von uns selbst gehostet, sondern bei einem Dienstleister, der f\u00fcr den Zweck der die zuvor genannten Daten in unserem Auftrag gem. Art. 28 DSGVO verarbeitet.<\/p>\n\n\n\n<p><strong>Zweck und Rechtsgrundlage<\/strong><\/p>\n\n\n\n<p>Die Verarbeitung erfolgt zur Wahrung unseres \u00fcberwiegenden berechtigten Interesses zur Anzeige unserer Website und Gew\u00e4hrleistung der Sicherheit und Stabilit\u00e4t auf Grundlage des Art. 6 Abs. lit. f DSGVO. Die Erfassung der Daten und die Speicherung in Logfiles ist f\u00fcr den Betrieb der Website zwingend erforderlich. Ein Widerspruchsrecht gegen die Verarbeitung besteht aufgrund der Ausnahme nach Art. 21 Abs. 1 DSGVO nicht. Soweit die weitergehende Speicherung der Logfiles gesetzlich vorgeschrieben ist, erfolgt die Verarbeitung auf Grundlage des Art. 6 Abs. 1 lit. c DSGVO. Es besteht keine gesetzliche oder vertragliche Pflicht zur Bereitstellung der Daten, allerdings ist der Aufruf unserer Website ohne Bereitstellung der Daten technisch nicht m\u00f6glich.<\/p>\n\n\n\n<p><strong>Speicherdauer<\/strong><\/p>\n\n\n\n<p>Die vorgenannten Daten werden f\u00fcr die Dauer der Anzeige der Website [sowie aus technischen Gr\u00fcnden dar\u00fcber hinaus f\u00fcr maximal [7 Tage] gespeichert.<\/p>\n\n\n\n<p><\/p>\n","protected":false},"excerpt":{"rendered":"<p>staufendirekt.de | Staufen Direktwerbung GmbH Wir freuen uns, dass Sie unsere Website besuchen. Der Schutz und die Sicherheit Ihrer pers\u00f6nlichen Informationen bei der Nutzung unserer Website ist f\u00fcr uns sehr wichtig. Wir m\u00f6chten Sie daher an dieser Stelle dar\u00fcber informieren, welche Ihrer personenbezogenen Daten wir beim Besuch unserer Website erfassen und f\u00fcr welche Zwecke diese&hellip;&nbsp;<\/p>\n","protected":false},"author":1,"featured_media":0,"parent":0,"menu_order":0,"comment_status":"closed","ping_status":"open","template":"","meta":{"neve_meta_sidebar":"","neve_meta_container":"","neve_meta_enable_content_width":"","neve_meta_content_width":0,"neve_meta_title_alignment":"","neve_meta_author_avatar":"","neve_post_elements_order":"","neve_meta_disable_header":"","neve_meta_disable_footer":"","neve_meta_disable_title":"","footnotes":""},"class_list":["post-3","page","type-page","status-publish","hentry"],"yoast_head":"<!-- This site is optimized with the Yoast SEO plugin v27.2 - https:\/\/yoast.com\/product\/yoast-seo-wordpress\/ -->\n<title>Datenschutzerkl\u00e4rung - Staufen Direkt<\/title>\n<meta name=\"description\" content=\"Hier finden Sie alle n\u00f6tigen Informationen, wie und wof\u00fcr welche Daten von Ihnen mit dem Besuch unserer Website ben\u00f6tigt und verarbeitet werden.\" \/>\n<meta name=\"robots\" content=\"index, follow, max-snippet:-1, max-image-preview:large, max-video-preview:-1\" \/>\n<link rel=\"canonical\" href=\"https:\/\/sd.krempin.red\/index.php\/datenschutzerklaerung-staufen-direkt\/\" \/>\n<meta property=\"og:locale\" content=\"de_DE\" \/>\n<meta property=\"og:type\" content=\"article\" \/>\n<meta property=\"og:title\" content=\"Datenschutzerkl\u00e4rung - Staufen Direkt\" \/>\n<meta property=\"og:description\" content=\"Hier finden Sie alle n\u00f6tigen Informationen, wie und wof\u00fcr welche Daten von Ihnen mit dem Besuch unserer Website ben\u00f6tigt und verarbeitet werden.\" \/>\n<meta property=\"og:url\" content=\"https:\/\/sd.krempin.red\/index.php\/datenschutzerklaerung-staufen-direkt\/\" \/>\n<meta property=\"og:site_name\" content=\"Staufen Direkt\" \/>\n<meta property=\"article:publisher\" content=\"https:\/\/www.facebook.com\/staufendirekt\/\" \/>\n<meta property=\"article:modified_time\" content=\"2025-07-14T13:28:59+00:00\" \/>\n<meta name=\"twitter:card\" content=\"summary_large_image\" \/>\n<meta name=\"twitter:label1\" content=\"Gesch\u00e4tzte Lesezeit\" \/>\n\t<meta name=\"twitter:data1\" content=\"7\u00a0Minuten\" \/>\n<script type=\"application\/ld+json\" class=\"yoast-schema-graph\">{\"@context\":\"https:\/\/schema.org\",\"@graph\":[{\"@type\":\"WebPage\",\"@id\":\"https:\/\/sd.krempin.red\/index.php\/datenschutzerklaerung-staufen-direkt\/\",\"url\":\"https:\/\/sd.krempin.red\/index.php\/datenschutzerklaerung-staufen-direkt\/\",\"name\":\"Datenschutzerkl\u00e4rung - Staufen Direkt\",\"isPartOf\":{\"@id\":\"https:\/\/sd.krempin.red\/#website\"},\"datePublished\":\"2025-07-14T08:31:00+00:00\",\"dateModified\":\"2025-07-14T13:28:59+00:00\",\"description\":\"Hier finden Sie alle n\u00f6tigen Informationen, wie und wof\u00fcr welche Daten von Ihnen mit dem Besuch unserer Website ben\u00f6tigt und verarbeitet werden.\",\"breadcrumb\":{\"@id\":\"https:\/\/sd.krempin.red\/index.php\/datenschutzerklaerung-staufen-direkt\/#breadcrumb\"},\"inLanguage\":\"de\",\"potentialAction\":[{\"@type\":\"ReadAction\",\"target\":[\"https:\/\/sd.krempin.red\/index.php\/datenschutzerklaerung-staufen-direkt\/\"]}]},{\"@type\":\"BreadcrumbList\",\"@id\":\"https:\/\/sd.krempin.red\/index.php\/datenschutzerklaerung-staufen-direkt\/#breadcrumb\",\"itemListElement\":[{\"@type\":\"ListItem\",\"position\":1,\"name\":\"Startseite\",\"item\":\"https:\/\/sd.krempin.red\/\"},{\"@type\":\"ListItem\",\"position\":2,\"name\":\"Datenschutzerkl\u00e4rung\"}]},{\"@type\":\"WebSite\",\"@id\":\"https:\/\/sd.krempin.red\/#website\",\"url\":\"https:\/\/sd.krempin.red\/\",\"name\":\"Staufen Direkt\",\"description\":\"Ihr Profi im Postversand und Fullfillment\",\"publisher\":{\"@id\":\"https:\/\/sd.krempin.red\/#organization\"},\"potentialAction\":[{\"@type\":\"SearchAction\",\"target\":{\"@type\":\"EntryPoint\",\"urlTemplate\":\"https:\/\/sd.krempin.red\/?s={search_term_string}\"},\"query-input\":{\"@type\":\"PropertyValueSpecification\",\"valueRequired\":true,\"valueName\":\"search_term_string\"}}],\"inLanguage\":\"de\"},{\"@type\":\"Organization\",\"@id\":\"https:\/\/sd.krempin.red\/#organization\",\"name\":\"Staufen Direkt\",\"url\":\"https:\/\/sd.krempin.red\/\",\"logo\":{\"@type\":\"ImageObject\",\"inLanguage\":\"de\",\"@id\":\"https:\/\/sd.krempin.red\/#\/schema\/logo\/image\/\",\"url\":\"https:\/\/sd.krempin.red\/wp-content\/uploads\/2025\/07\/Logo_retina.png\",\"contentUrl\":\"https:\/\/sd.krempin.red\/wp-content\/uploads\/2025\/07\/Logo_retina.png\",\"width\":300,\"height\":120,\"caption\":\"Staufen Direkt\"},\"image\":{\"@id\":\"https:\/\/sd.krempin.red\/#\/schema\/logo\/image\/\"},\"sameAs\":[\"https:\/\/www.facebook.com\/staufendirekt\/\",\"https:\/\/www.youtube.com\/channel\/UCoimQQ3z1f_jj3dwVhdu6sw\",\"https:\/\/www.xing.com\/companies\/staufendirektstaufendirektwerbunggmbh\"]}]}<\/script>\n<!-- \/ Yoast SEO plugin. -->","yoast_head_json":{"title":"Datenschutzerkl\u00e4rung - Staufen Direkt","description":"Hier finden Sie alle n\u00f6tigen Informationen, wie und wof\u00fcr welche Daten von Ihnen mit dem Besuch unserer Website ben\u00f6tigt und verarbeitet werden.","robots":{"index":"index","follow":"follow","max-snippet":"max-snippet:-1","max-image-preview":"max-image-preview:large","max-video-preview":"max-video-preview:-1"},"canonical":"https:\/\/sd.krempin.red\/index.php\/datenschutzerklaerung-staufen-direkt\/","og_locale":"de_DE","og_type":"article","og_title":"Datenschutzerkl\u00e4rung - Staufen Direkt","og_description":"Hier finden Sie alle n\u00f6tigen Informationen, wie und wof\u00fcr welche Daten von Ihnen mit dem Besuch unserer Website ben\u00f6tigt und verarbeitet werden.","og_url":"https:\/\/sd.krempin.red\/index.php\/datenschutzerklaerung-staufen-direkt\/","og_site_name":"Staufen Direkt","article_publisher":"https:\/\/www.facebook.com\/staufendirekt\/","article_modified_time":"2025-07-14T13:28:59+00:00","twitter_card":"summary_large_image","twitter_misc":{"Gesch\u00e4tzte Lesezeit":"7\u00a0Minuten"},"schema":{"@context":"https:\/\/schema.org","@graph":[{"@type":"WebPage","@id":"https:\/\/sd.krempin.red\/index.php\/datenschutzerklaerung-staufen-direkt\/","url":"https:\/\/sd.krempin.red\/index.php\/datenschutzerklaerung-staufen-direkt\/","name":"Datenschutzerkl\u00e4rung - Staufen Direkt","isPartOf":{"@id":"https:\/\/sd.krempin.red\/#website"},"datePublished":"2025-07-14T08:31:00+00:00","dateModified":"2025-07-14T13:28:59+00:00","description":"Hier finden Sie alle n\u00f6tigen Informationen, wie und wof\u00fcr welche Daten von Ihnen mit dem Besuch unserer Website ben\u00f6tigt und verarbeitet werden.","breadcrumb":{"@id":"https:\/\/sd.krempin.red\/index.php\/datenschutzerklaerung-staufen-direkt\/#breadcrumb"},"inLanguage":"de","potentialAction":[{"@type":"ReadAction","target":["https:\/\/sd.krempin.red\/index.php\/datenschutzerklaerung-staufen-direkt\/"]}]},{"@type":"BreadcrumbList","@id":"https:\/\/sd.krempin.red\/index.php\/datenschutzerklaerung-staufen-direkt\/#breadcrumb","itemListElement":[{"@type":"ListItem","position":1,"name":"Startseite","item":"https:\/\/sd.krempin.red\/"},{"@type":"ListItem","position":2,"name":"Datenschutzerkl\u00e4rung"}]},{"@type":"WebSite","@id":"https:\/\/sd.krempin.red\/#website","url":"https:\/\/sd.krempin.red\/","name":"Staufen Direkt","description":"Ihr Profi im Postversand und Fullfillment","publisher":{"@id":"https:\/\/sd.krempin.red\/#organization"},"potentialAction":[{"@type":"SearchAction","target":{"@type":"EntryPoint","urlTemplate":"https:\/\/sd.krempin.red\/?s={search_term_string}"},"query-input":{"@type":"PropertyValueSpecification","valueRequired":true,"valueName":"search_term_string"}}],"inLanguage":"de"},{"@type":"Organization","@id":"https:\/\/sd.krempin.red\/#organization","name":"Staufen Direkt","url":"https:\/\/sd.krempin.red\/","logo":{"@type":"ImageObject","inLanguage":"de","@id":"https:\/\/sd.krempin.red\/#\/schema\/logo\/image\/","url":"https:\/\/sd.krempin.red\/wp-content\/uploads\/2025\/07\/Logo_retina.png","contentUrl":"https:\/\/sd.krempin.red\/wp-content\/uploads\/2025\/07\/Logo_retina.png","width":300,"height":120,"caption":"Staufen Direkt"},"image":{"@id":"https:\/\/sd.krempin.red\/#\/schema\/logo\/image\/"},"sameAs":["https:\/\/www.facebook.com\/staufendirekt\/","https:\/\/www.youtube.com\/channel\/UCoimQQ3z1f_jj3dwVhdu6sw","https:\/\/www.xing.com\/companies\/staufendirektstaufendirektwerbunggmbh"]}]}},"_links":{"self":[{"href":"https:\/\/sd.krempin.red\/index.php\/wp-json\/wp\/v2\/pages\/3","targetHints":{"allow":["GET"]}}],"collection":[{"href":"https:\/\/sd.krempin.red\/index.php\/wp-json\/wp\/v2\/pages"}],"about":[{"href":"https:\/\/sd.krempin.red\/index.php\/wp-json\/wp\/v2\/types\/page"}],"author":[{"embeddable":true,"href":"https:\/\/sd.krempin.red\/index.php\/wp-json\/wp\/v2\/users\/1"}],"replies":[{"embeddable":true,"href":"https:\/\/sd.krempin.red\/index.php\/wp-json\/wp\/v2\/comments?post=3"}],"version-history":[{"count":3,"href":"https:\/\/sd.krempin.red\/index.php\/wp-json\/wp\/v2\/pages\/3\/revisions"}],"predecessor-version":[{"id":54,"href":"https:\/\/sd.krempin.red\/index.php\/wp-json\/wp\/v2\/pages\/3\/revisions\/54"}],"wp:attachment":[{"href":"https:\/\/sd.krempin.red\/index.php\/wp-json\/wp\/v2\/media?parent=3"}],"curies":[{"name":"wp","href":"https:\/\/api.w.org\/{rel}","templated":true}]}}