{"id":508,"date":"2025-07-31T08:34:17","date_gmt":"2025-07-31T08:34:17","guid":{"rendered":"https:\/\/sd.krempin.red\/?page_id=508"},"modified":"2025-07-31T08:40:59","modified_gmt":"2025-07-31T08:40:59","slug":"service-wissen","status":"publish","type":"page","link":"https:\/\/sd.krempin.red\/index.php\/service-wissen\/","title":{"rendered":"Service &amp; Wissen"},"content":{"rendered":"\t\t<div data-elementor-type=\"wp-page\" data-elementor-id=\"508\" class=\"elementor elementor-508\" data-elementor-post-type=\"page\">\n\t\t\t\t<div class=\"elementor-element elementor-element-7b8e3b21 e-con-full e-flex e-con e-parent\" data-id=\"7b8e3b21\" data-element_type=\"container\" data-e-type=\"container\" data-settings=\"{&quot;background_background&quot;:&quot;classic&quot;}\">\n\t\t\t\t<div class=\"elementor-element elementor-element-140afed6 elementor-widget elementor-widget-heading\" data-id=\"140afed6\" data-element_type=\"widget\" data-e-type=\"widget\" data-widget_type=\"heading.default\">\n\t\t\t\t\t<h1 class=\"elementor-heading-title elementor-size-default\">Service &amp; Wissen<\/h1>\t\t\t\t<\/div>\n\t\t\t\t<\/div>\n\t\t<div class=\"elementor-element elementor-element-7fd7c5fe e-con-full e-flex e-con e-parent\" data-id=\"7fd7c5fe\" data-element_type=\"container\" data-e-type=\"container\" id=\"next\">\n\t\t\t\t<div class=\"elementor-element elementor-element-868bdbe elementor-grid-4 elementor-grid-tablet-2 elementor-grid-mobile-1 elementor-posts--thumbnail-top elementor-posts--show-avatar elementor-card-shadow-yes elementor-posts__hover-gradient elementor-widget elementor-widget-posts\" data-id=\"868bdbe\" data-element_type=\"widget\" data-e-type=\"widget\" data-settings=\"{&quot;cards_columns&quot;:&quot;4&quot;,&quot;cards_columns_tablet&quot;:&quot;2&quot;,&quot;cards_columns_mobile&quot;:&quot;1&quot;,&quot;cards_row_gap&quot;:{&quot;unit&quot;:&quot;px&quot;,&quot;size&quot;:35,&quot;sizes&quot;:[]},&quot;cards_row_gap_tablet&quot;:{&quot;unit&quot;:&quot;px&quot;,&quot;size&quot;:&quot;&quot;,&quot;sizes&quot;:[]},&quot;cards_row_gap_mobile&quot;:{&quot;unit&quot;:&quot;px&quot;,&quot;size&quot;:&quot;&quot;,&quot;sizes&quot;:[]}}\" data-widget_type=\"posts.cards\">\n\t\t\t\t<div class=\"elementor-widget-container\">\n\t\t\t\t\t\t\t<div class=\"elementor-posts-container elementor-posts elementor-posts--skin-cards elementor-grid\" role=\"list\">\n\t\t\t\t<article class=\"elementor-post elementor-grid-item post-486 post type-post status-publish format-standard has-post-thumbnail hentry category-mailingwissen\" role=\"listitem\">\n\t\t\t<div class=\"elementor-post__card\">\n\t\t\t\t<a class=\"elementor-post__thumbnail__link\" href=\"https:\/\/sd.krempin.red\/index.php\/2025\/07\/31\/dialogpost\/\" tabindex=\"-1\" ><div class=\"elementor-post__thumbnail\"><img fetchpriority=\"high\" decoding=\"async\" width=\"225\" height=\"300\" src=\"https:\/\/sd.krempin.red\/wp-content\/uploads\/2025\/07\/frankieren_kuvertieren_goeppingen-225x300.webp\" class=\"attachment-medium size-medium wp-image-228\" alt=\"Frankieren und Kuvertieren Postbeh\u00e4lter f\u00fcr Dialogpostversand\" srcset=\"https:\/\/sd.krempin.red\/wp-content\/uploads\/2025\/07\/frankieren_kuvertieren_goeppingen-225x300.webp 225w, https:\/\/sd.krempin.red\/wp-content\/uploads\/2025\/07\/frankieren_kuvertieren_goeppingen.webp 600w\" sizes=\"(max-width: 225px) 100vw, 225px\" \/><\/div><\/a>\n\t\t\t\t<div class=\"elementor-post__avatar\">\n\t\t\t<img alt='admin' src='https:\/\/secure.gravatar.com\/avatar\/4da60a787c09643c5cb12e69439af68151d1fcb2307cb3f4575d383e5d6e7438?s=128&#038;d=mm&#038;r=g' srcset='https:\/\/secure.gravatar.com\/avatar\/4da60a787c09643c5cb12e69439af68151d1fcb2307cb3f4575d383e5d6e7438?s=256&#038;d=mm&#038;r=g 2x' class='avatar avatar-128 photo' height='128' width='128' \/>\t\t<\/div>\n\t\t\t\t<div class=\"elementor-post__text\">\n\t\t\t\t<h3 class=\"elementor-post__title\">\n\t\t\t<a href=\"https:\/\/sd.krempin.red\/index.php\/2025\/07\/31\/dialogpost\/\" >\n\t\t\t\tDialogpost\t\t\t<\/a>\n\t\t<\/h3>\n\t\t\t\t<div class=\"elementor-post__excerpt\">\n\t\t\t<p>Dialogpost \u2013 g\u00fcnstig werben per Post Dialogpost ist die g\u00fcnstigste M\u00f6glichkeit, Werbebriefe und Informationssendungen an viele Empf\u00e4nger zu verschicken. Sie eignet sich ideal f\u00fcr Unternehmen, Vereine oder Kommunen, die regelm\u00e4\u00dfig Post an Kunden, Mitglieder oder B\u00fcrger senden m\u00f6chten \u2013 professionell, portosparend und zuverl\u00e4ssig. Vorteile &amp; Einsatzgebiete Deutlich g\u00fcnstiger als Standardbrief<\/p>\n\t\t<\/div>\n\t\t\n\t\t<a class=\"elementor-post__read-more\" href=\"https:\/\/sd.krempin.red\/index.php\/2025\/07\/31\/dialogpost\/\" aria-label=\"Mehr \u00fcber Dialogpost\" tabindex=\"-1\" >\n\t\t\tWeiterlesen\t\t<\/a>\n\n\t\t\t\t<\/div>\n\t\t\t\t\t<\/div>\n\t\t<\/article>\n\t\t\t\t<article class=\"elementor-post elementor-grid-item post-521 post type-post status-publish format-standard has-post-thumbnail hentry category-mailingwissen\" role=\"listitem\">\n\t\t\t<div class=\"elementor-post__card\">\n\t\t\t\t<a class=\"elementor-post__thumbnail__link\" href=\"https:\/\/sd.krempin.red\/index.php\/2025\/07\/31\/premiumadress\/\" tabindex=\"-1\" ><div class=\"elementor-post__thumbnail\"><img decoding=\"async\" width=\"300\" height=\"225\" src=\"https:\/\/sd.krempin.red\/wp-content\/uploads\/2025\/07\/beitrag_premiumadress-300x225.webp\" class=\"attachment-medium size-medium wp-image-530\" alt=\"Briefk\u00e4sten - Premiumadress\" srcset=\"https:\/\/sd.krempin.red\/wp-content\/uploads\/2025\/07\/beitrag_premiumadress-300x225.webp 300w, https:\/\/sd.krempin.red\/wp-content\/uploads\/2025\/07\/beitrag_premiumadress-1024x768.webp 1024w, https:\/\/sd.krempin.red\/wp-content\/uploads\/2025\/07\/beitrag_premiumadress-768x576.webp 768w, https:\/\/sd.krempin.red\/wp-content\/uploads\/2025\/07\/beitrag_premiumadress.webp 1200w\" sizes=\"(max-width: 300px) 100vw, 300px\" \/><\/div><\/a>\n\t\t\t\t<div class=\"elementor-post__avatar\">\n\t\t\t<img alt='admin' src='https:\/\/secure.gravatar.com\/avatar\/4da60a787c09643c5cb12e69439af68151d1fcb2307cb3f4575d383e5d6e7438?s=128&#038;d=mm&#038;r=g' srcset='https:\/\/secure.gravatar.com\/avatar\/4da60a787c09643c5cb12e69439af68151d1fcb2307cb3f4575d383e5d6e7438?s=256&#038;d=mm&#038;r=g 2x' class='avatar avatar-128 photo' height='128' width='128' \/>\t\t<\/div>\n\t\t\t\t<div class=\"elementor-post__text\">\n\t\t\t\t<h3 class=\"elementor-post__title\">\n\t\t\t<a href=\"https:\/\/sd.krempin.red\/index.php\/2025\/07\/31\/premiumadress\/\" >\n\t\t\t\tPremiumadress\t\t\t<\/a>\n\t\t<\/h3>\n\t\t\t\t<div class=\"elementor-post__excerpt\">\n\t\t\t<p>Premiumadress \u2013 R\u00fcckl\u00e4ufer vermeiden und Adressen aktuell halten Mit Premiumadress der Deutschen Post stellst du sicher, dass deine Werbesendungen oder Kundenbriefe immer den richtigen Empf\u00e4nger erreichen. Falsche oder veraltete Adressen f\u00fchren sonst zu R\u00fcckl\u00e4ufern, Zeitverlust und zus\u00e4tzlichen Kosten. Vorteile &amp; Einsatzgebiete Reduzierte R\u00fcckl\u00e4ufer \u2013 Fehlerhafte Adressen werden automatisch gemeldet Aktualisierte<\/p>\n\t\t<\/div>\n\t\t\n\t\t<a class=\"elementor-post__read-more\" href=\"https:\/\/sd.krempin.red\/index.php\/2025\/07\/31\/premiumadress\/\" aria-label=\"Mehr \u00fcber Premiumadress\" tabindex=\"-1\" >\n\t\t\tWeiterlesen\t\t<\/a>\n\n\t\t\t\t<\/div>\n\t\t\t\t\t<\/div>\n\t\t<\/article>\n\t\t\t\t<\/div>\n\t\t\n\t\t\t\t\t\t<\/div>\n\t\t\t\t<\/div>\n\t\t\t\t<\/div>\n\t\t\t\t<\/div>\n\t\t","protected":false},"excerpt":{"rendered":"<p>Service &amp; Wissen<\/p>\n","protected":false},"author":1,"featured_media":0,"parent":0,"menu_order":0,"comment_status":"closed","ping_status":"closed","template":"","meta":{"neve_meta_sidebar":"","neve_meta_container":"","neve_meta_enable_content_width":"","neve_meta_content_width":0,"neve_meta_title_alignment":"","neve_meta_author_avatar":"","neve_post_elements_order":"","neve_meta_disable_header":"","neve_meta_disable_footer":"","neve_meta_disable_title":"","footnotes":""},"class_list":["post-508","page","type-page","status-publish","hentry"],"yoast_head":"<!-- This site is optimized with the Yoast SEO plugin v27.2 - https:\/\/yoast.com\/product\/yoast-seo-wordpress\/ -->\n<title>Service &amp; Wissen - Staufen Direkt<\/title>\n<meta name=\"robots\" content=\"index, follow, max-snippet:-1, max-image-preview:large, max-video-preview:-1\" \/>\n<link rel=\"canonical\" href=\"https:\/\/sd.krempin.red\/index.php\/service-wissen\/\" \/>\n<meta property=\"og:locale\" content=\"de_DE\" \/>\n<meta property=\"og:type\" content=\"article\" \/>\n<meta property=\"og:title\" content=\"Service &amp; Wissen - Staufen Direkt\" \/>\n<meta property=\"og:description\" content=\"Service &amp; Wissen\" \/>\n<meta property=\"og:url\" content=\"https:\/\/sd.krempin.red\/index.php\/service-wissen\/\" \/>\n<meta property=\"og:site_name\" content=\"Staufen Direkt\" \/>\n<meta property=\"article:publisher\" content=\"https:\/\/www.facebook.com\/staufendirekt\/\" \/>\n<meta property=\"article:modified_time\" content=\"2025-07-31T08:40:59+00:00\" \/>\n<meta name=\"twitter:card\" content=\"summary_large_image\" \/>\n<meta name=\"twitter:label1\" content=\"Gesch\u00e4tzte Lesezeit\" \/>\n\t<meta name=\"twitter:data1\" content=\"1\u00a0Minute\" \/>\n<script type=\"application\/ld+json\" class=\"yoast-schema-graph\">{\"@context\":\"https:\/\/schema.org\",\"@graph\":[{\"@type\":\"WebPage\",\"@id\":\"https:\/\/sd.krempin.red\/index.php\/service-wissen\/\",\"url\":\"https:\/\/sd.krempin.red\/index.php\/service-wissen\/\",\"name\":\"Service &amp; Wissen - Staufen Direkt\",\"isPartOf\":{\"@id\":\"https:\/\/sd.krempin.red\/#website\"},\"datePublished\":\"2025-07-31T08:34:17+00:00\",\"dateModified\":\"2025-07-31T08:40:59+00:00\",\"breadcrumb\":{\"@id\":\"https:\/\/sd.krempin.red\/index.php\/service-wissen\/#breadcrumb\"},\"inLanguage\":\"de\",\"potentialAction\":[{\"@type\":\"ReadAction\",\"target\":[\"https:\/\/sd.krempin.red\/index.php\/service-wissen\/\"]}]},{\"@type\":\"BreadcrumbList\",\"@id\":\"https:\/\/sd.krempin.red\/index.php\/service-wissen\/#breadcrumb\",\"itemListElement\":[{\"@type\":\"ListItem\",\"position\":1,\"name\":\"Startseite\",\"item\":\"https:\/\/sd.krempin.red\/\"},{\"@type\":\"ListItem\",\"position\":2,\"name\":\"Service &amp; Wissen\"}]},{\"@type\":\"WebSite\",\"@id\":\"https:\/\/sd.krempin.red\/#website\",\"url\":\"https:\/\/sd.krempin.red\/\",\"name\":\"Staufen Direkt\",\"description\":\"Ihr Profi im Postversand und Fullfillment\",\"publisher\":{\"@id\":\"https:\/\/sd.krempin.red\/#organization\"},\"potentialAction\":[{\"@type\":\"SearchAction\",\"target\":{\"@type\":\"EntryPoint\",\"urlTemplate\":\"https:\/\/sd.krempin.red\/?s={search_term_string}\"},\"query-input\":{\"@type\":\"PropertyValueSpecification\",\"valueRequired\":true,\"valueName\":\"search_term_string\"}}],\"inLanguage\":\"de\"},{\"@type\":\"Organization\",\"@id\":\"https:\/\/sd.krempin.red\/#organization\",\"name\":\"Staufen Direkt\",\"url\":\"https:\/\/sd.krempin.red\/\",\"logo\":{\"@type\":\"ImageObject\",\"inLanguage\":\"de\",\"@id\":\"https:\/\/sd.krempin.red\/#\/schema\/logo\/image\/\",\"url\":\"https:\/\/sd.krempin.red\/wp-content\/uploads\/2025\/07\/Logo_retina.png\",\"contentUrl\":\"https:\/\/sd.krempin.red\/wp-content\/uploads\/2025\/07\/Logo_retina.png\",\"width\":300,\"height\":120,\"caption\":\"Staufen Direkt\"},\"image\":{\"@id\":\"https:\/\/sd.krempin.red\/#\/schema\/logo\/image\/\"},\"sameAs\":[\"https:\/\/www.facebook.com\/staufendirekt\/\",\"https:\/\/www.youtube.com\/channel\/UCoimQQ3z1f_jj3dwVhdu6sw\",\"https:\/\/www.xing.com\/companies\/staufendirektstaufendirektwerbunggmbh\"]}]}<\/script>\n<!-- \/ Yoast SEO plugin. -->","yoast_head_json":{"title":"Service &amp; Wissen - Staufen Direkt","robots":{"index":"index","follow":"follow","max-snippet":"max-snippet:-1","max-image-preview":"max-image-preview:large","max-video-preview":"max-video-preview:-1"},"canonical":"https:\/\/sd.krempin.red\/index.php\/service-wissen\/","og_locale":"de_DE","og_type":"article","og_title":"Service &amp; Wissen - Staufen Direkt","og_description":"Service &amp; Wissen","og_url":"https:\/\/sd.krempin.red\/index.php\/service-wissen\/","og_site_name":"Staufen Direkt","article_publisher":"https:\/\/www.facebook.com\/staufendirekt\/","article_modified_time":"2025-07-31T08:40:59+00:00","twitter_card":"summary_large_image","twitter_misc":{"Gesch\u00e4tzte Lesezeit":"1\u00a0Minute"},"schema":{"@context":"https:\/\/schema.org","@graph":[{"@type":"WebPage","@id":"https:\/\/sd.krempin.red\/index.php\/service-wissen\/","url":"https:\/\/sd.krempin.red\/index.php\/service-wissen\/","name":"Service &amp; Wissen - Staufen Direkt","isPartOf":{"@id":"https:\/\/sd.krempin.red\/#website"},"datePublished":"2025-07-31T08:34:17+00:00","dateModified":"2025-07-31T08:40:59+00:00","breadcrumb":{"@id":"https:\/\/sd.krempin.red\/index.php\/service-wissen\/#breadcrumb"},"inLanguage":"de","potentialAction":[{"@type":"ReadAction","target":["https:\/\/sd.krempin.red\/index.php\/service-wissen\/"]}]},{"@type":"BreadcrumbList","@id":"https:\/\/sd.krempin.red\/index.php\/service-wissen\/#breadcrumb","itemListElement":[{"@type":"ListItem","position":1,"name":"Startseite","item":"https:\/\/sd.krempin.red\/"},{"@type":"ListItem","position":2,"name":"Service &amp; Wissen"}]},{"@type":"WebSite","@id":"https:\/\/sd.krempin.red\/#website","url":"https:\/\/sd.krempin.red\/","name":"Staufen Direkt","description":"Ihr Profi im Postversand und Fullfillment","publisher":{"@id":"https:\/\/sd.krempin.red\/#organization"},"potentialAction":[{"@type":"SearchAction","target":{"@type":"EntryPoint","urlTemplate":"https:\/\/sd.krempin.red\/?s={search_term_string}"},"query-input":{"@type":"PropertyValueSpecification","valueRequired":true,"valueName":"search_term_string"}}],"inLanguage":"de"},{"@type":"Organization","@id":"https:\/\/sd.krempin.red\/#organization","name":"Staufen Direkt","url":"https:\/\/sd.krempin.red\/","logo":{"@type":"ImageObject","inLanguage":"de","@id":"https:\/\/sd.krempin.red\/#\/schema\/logo\/image\/","url":"https:\/\/sd.krempin.red\/wp-content\/uploads\/2025\/07\/Logo_retina.png","contentUrl":"https:\/\/sd.krempin.red\/wp-content\/uploads\/2025\/07\/Logo_retina.png","width":300,"height":120,"caption":"Staufen Direkt"},"image":{"@id":"https:\/\/sd.krempin.red\/#\/schema\/logo\/image\/"},"sameAs":["https:\/\/www.facebook.com\/staufendirekt\/","https:\/\/www.youtube.com\/channel\/UCoimQQ3z1f_jj3dwVhdu6sw","https:\/\/www.xing.com\/companies\/staufendirektstaufendirektwerbunggmbh"]}]}},"_links":{"self":[{"href":"https:\/\/sd.krempin.red\/index.php\/wp-json\/wp\/v2\/pages\/508","targetHints":{"allow":["GET"]}}],"collection":[{"href":"https:\/\/sd.krempin.red\/index.php\/wp-json\/wp\/v2\/pages"}],"about":[{"href":"https:\/\/sd.krempin.red\/index.php\/wp-json\/wp\/v2\/types\/page"}],"author":[{"embeddable":true,"href":"https:\/\/sd.krempin.red\/index.php\/wp-json\/wp\/v2\/users\/1"}],"replies":[{"embeddable":true,"href":"https:\/\/sd.krempin.red\/index.php\/wp-json\/wp\/v2\/comments?post=508"}],"version-history":[{"count":10,"href":"https:\/\/sd.krempin.red\/index.php\/wp-json\/wp\/v2\/pages\/508\/revisions"}],"predecessor-version":[{"id":524,"href":"https:\/\/sd.krempin.red\/index.php\/wp-json\/wp\/v2\/pages\/508\/revisions\/524"}],"wp:attachment":[{"href":"https:\/\/sd.krempin.red\/index.php\/wp-json\/wp\/v2\/media?parent=508"}],"curies":[{"name":"wp","href":"https:\/\/api.w.org\/{rel}","templated":true}]}}